{"id":1543,"date":"2023-09-13T09:24:20","date_gmt":"2023-09-13T09:24:20","guid":{"rendered":"https:\/\/www.wola-komornik.pl\/?page_id=1543"},"modified":"2023-09-13T09:24:21","modified_gmt":"2023-09-13T09:24:21","slug":"1543-2","status":"publish","type":"page","link":"https:\/\/www.wola-komornik.pl\/index.php\/1543-2\/","title":{"rendered":""},"content":{"rendered":"\n<h2 class=\"wp-block-heading\">KLAUZULA INFORMACYJNA RODO<\/h2>\n\n\n\n<p>Na podstawie art. 13 ust. 1 i 2 rozporz\u0105dzenia Parlamentu Europejskiego i Rady (UE) 2016\/679 z<br>27 kwietnia 2016r. w sprawie ochrony os\u00f3b fizycznych w zwi\u0105zku z przetwarzaniem danych<br>osobowych i w sprawie swobodnego przep\u0142ywu takich danych oraz uchylenia dyrektywy 95\/46\/WE<br>(og\u00f3lne rozporz\u0105dzenie o ochronie danych osobowych) dalej &#8211; RODO, Komornik S\u0105dowy przy<br>S\u0105dzie Rejonowym dla Warszawy-Woli w Warszawie Anna Kuniczuk-Mieczkowska informuje:<\/p>\n\n\n\n<p>I To\u017csamo\u015b\u0107 oraz dane kontaktowe Administratora Danych Osobowych (art. 13 pkt 1 lit.<br>a)<br>Administratorem danych osobowych jest Komornik S\u0105dowy przy S\u0105dzie Rejonowym dla Warszawy-Woli<br>w Warszawie Anna Kuniczuk z siedzib\u0105 przy ul. Dzielnej 64\/21, 01-029 Warszawa,<br>telefon (22) 114 30 99.<\/p>\n\n\n\n<p>II Dane kontaktowe Inspektora Ochrony Danych (art. 13 pkt 1 lit. b)<br>Administrator wyznaczy\u0142 Inspektora Ochrony Danych, kt\u00f3rym jest Pani\/Pan Przemys\u0142aw<br>Ko\u0142akowski. Z Inspektorem Ochrony Danych mo\u017cna si\u0119 skontaktowa\u0107 w sprawach<br>zwi\u0105zanych z przetwarzaniem danych osobowych pisemnie na adres siedziby kancelarii<br>ul. Dzielna 64\/21, 01-029 Warszawa lub\/oraz poprzez adres e-mail anna.km@komornik.pl.<\/p>\n\n\n\n<p>III Cel i podstawa prawna przetwarzania danych osobowych (art. 13 pkt 1 lit. c)<br>Komornik S\u0105dowy b\u0119dzie przetwarza\u0142 Pani\/Pana dane osobowe w celu zawarcia i realizacji umowy &#8211;<br>podstawa art. 6 ust. 1 lit. b RODO oraz wystawiania i przekazania faktur, prowadzenia ksi\u0105g<br>rachunkowych i dokumentacji podatkowej, realizuj\u0105c obowi\u0105zki prawne ci\u0105\u017c\u0105ce na Administratorze<br>\u2013 podstawa art. 6 ust 1 lit. c RODO.<br>W przypadku wyst\u0105pienia ewentualnych spor\u00f3w Pani\/Pana dane osobowe mog\u0105 r\u00f3wnie\u017c by\u0107<br>przetwarzane w celu dochodzenia roszcze\u0144 lub ochrony przed roszczeniami, w zwi\u0105zku z<br>uzasadnionym interesem Komornika S\u0105dowego polegaj\u0105cym na ochronie przys\u0142uguj\u0105cych jemu<br>praw \u2013 podstawa art. 6 ust. 1 lit. f RODO.<\/p>\n\n\n\n<p>IV Odbiorcy danych lub kategorie odbiorc\u00f3w danych (art. 13 pkt. 1 lit. e)<br>Pani\/Pana dane osobowe mog\u0105 zosta\u0107 ujawnione przez Komornika S\u0105dowego innym podmiotom<br>(odbiorcom) takim jak np. biura ksi\u0119gowo-rachunkowe, dostawcy rozwi\u0105za\u0144 informatycznych. W<br>ka\u017cdym przypadku udost\u0119pnienia lub powierzenia danych takim podmiotom Komornik S\u0105dowy<br>zapewnia, \u017ce odbywa si\u0119 ono zgodnie z prawem.<\/p>\n\n\n\n<p>V Przekazanie danych osobowych poza EOG (art. 13 pkt. 1 lit. f)<br>Komornik S\u0105dowy nie przekazuje Pani\/Pana danych osobowych poza terytorium Europejskiego<br>Obszaru Gospodarczego.<\/p>\n\n\n\n<p>VI Okres, przez kt\u00f3ry b\u0119d\u0105 przetwarzane dane osobowe (art. 13 pkt 2 lit. a)<br>Pani\/Pana dane osobowe s\u0105 przetwarzane tylko tak d\u0142ugo, jak d\u0142ugo s\u0105 niezb\u0119dne do realizowania<br>cel\u00f3w Komornika S\u0105dowego wskazanych w tym dokumencie lub o kt\u00f3rych Komornik S\u0105dowy<br>osobno poinformuje.<br>Dane osobowe, kt\u00f3rych przechowywanie jest obowi\u0105zkiem prawnym Komornika S\u0105dowego, b\u0119d\u0105<br>przetwarzane przez okres trwania tego obowi\u0105zku wynikaj\u0105cy z przepis\u00f3w prawa. Pozosta\u0142e dane<br>dotycz\u0105ce zatrudnienia b\u0119d\u0105 przechowywane przez ca\u0142y czas trwania umowy, a nast\u0119pnie do<br>momentu, w kt\u00f3rym up\u0142yn\u0105 okresy przedawnienia ewentualnych roszcze\u0144.<\/p>\n\n\n\n<p>VII Prawa podmiotu (art. 13 pkt 2 lit. b)<br>W zwi\u0105zku z przetwarzaniem przez Komornika S\u0105dowego Pani\/Pana danych osobowych<br>przys\u0142uguje Pani\/Panu szereg praw:<br>prawo do uzyskania informacji o tym, czy i 1. w jakim zakresie przetwarzamy Pani\/Pana dane osobowe oraz prawo do<br>otrzymania ich kopii.<\/p>\n\n\n\n<ol start=\"2\">\n<li>prawo do sprostowania danych osobowych, kt\u00f3re s\u0105 nieprawid\u0142owe oraz aktualizacji lub uzupe\u0142nienia danych, je\u015bli<br>dane lub Pani\/Pana sytuacja uleg\u0142a zmianie.<\/li>\n\n\n\n<li>prawo do \u017c\u0105dania usuni\u0119cia danych przetwarzanych przez Komornika S\u0105dowego na Pani\/Pana temat lub<br>ograniczenia przetwarzania, je\u015bli zachodz\u0105 warunki okre\u015blone w przepisach prawa<\/li>\n\n\n\n<li>prawo do \u017c\u0105dania, aby Pani\/Pana dane osobowe zosta\u0142y przes\u0142ane innemu administratorowi lub wydane Pani\/Panu w<br>ustrukturyzowanym, powszechnie u\u017cywanym formacie nadaj\u0105cym si\u0119 do odczytu maszynowego, przy czym<br>uprawnienie to jest ograniczone do danych osobowych, kt\u00f3re Komornik S\u0105dowy otrzyma\u0142 od Pani\/Pana<\/li>\n\n\n\n<li>prawo do sprzeciwu wobec przetwarzania maj\u0105cego za podstaw\u0119 uzasadniony interes Komornika S\u0105dowego.<br>Sprzeciw musi by\u0107 umotywowany, bo jego zasadno\u015b\u0107 podlega ocenie Komornika S\u0105dowego.<\/li>\n<\/ol>\n\n\n\n<p>VIII Skarga w zwi\u0105zku z przetwarzaniem danych osobowych (art. 13 pkt 2 lit. d)<br>Je\u015bli uzna Pani\/Pan, \u017ce przetwarzanie przez Komornika S\u0105dowego danych osobowych mo\u017ce<br>narusza\u0107 Pani\/Pana prawa przys\u0142uguje Pani\/Panu mo\u017cliwo\u015b\u0107 wniesienia skargi na przetwarzanie<br>przez Komornika S\u0105dowego danych osobowych do Prezesa Urz\u0119du Ochrony Danych. Kontakt z<br>Urz\u0119dem mo\u017cliwy jest pod adresem: ul Stawki 2, 00-193 Warszawa.<\/p>\n\n\n\n<p>IX Informacja o obowi\u0105zku podania danych (art. 13 pkt 2 lit. e)<br>Podanie przez Pa\u0144stwa danych osobowych w zakresie wynikaj\u0105cym z art. 221 Kodeksu pracy jest<br>niezb\u0119dne, aby uczestniczy\u0107 w procesie rekrutacyjnym. Konsekwencj\u0105 niepodania tych danych jest<br>brak mo\u017cliwo\u015bci rozpatrzenia danej kandydatury w procesie rekrutacyjnym. Podanie przez Pa\u0144stwa<br>innych danych jest dobrowolne.<\/p>\n\n\n\n<p>X Przetwarzanie danych osobowych w spos\u00f3b zautomatyzowany (art. 13 pkt 2 lit. f)<br>Komornik S\u0105dowy nie przetwarza Pani\/Pana danych osobowych w spos\u00f3b zautomatyzowany.<\/p>\n","protected":false},"excerpt":{"rendered":"<p>KLAUZULA INFORMACYJNA RODO Na podstawie art. 13 ust. 1 i 2 rozporz\u0105dzenia Parlamentu Europejskiego i Rady (UE) 2016\/679 z27 kwietnia 2016r. w sprawie ochrony os\u00f3b fizycznych w zwi\u0105zku z przetwarzaniem &#8230;<\/p>\n","protected":false},"author":1,"featured_media":0,"parent":0,"menu_order":0,"comment_status":"closed","ping_status":"closed","template":"","meta":[],"_links":{"self":[{"href":"https:\/\/www.wola-komornik.pl\/index.php\/wp-json\/wp\/v2\/pages\/1543"}],"collection":[{"href":"https:\/\/www.wola-komornik.pl\/index.php\/wp-json\/wp\/v2\/pages"}],"about":[{"href":"https:\/\/www.wola-komornik.pl\/index.php\/wp-json\/wp\/v2\/types\/page"}],"author":[{"embeddable":true,"href":"https:\/\/www.wola-komornik.pl\/index.php\/wp-json\/wp\/v2\/users\/1"}],"replies":[{"embeddable":true,"href":"https:\/\/www.wola-komornik.pl\/index.php\/wp-json\/wp\/v2\/comments?post=1543"}],"version-history":[{"count":2,"href":"https:\/\/www.wola-komornik.pl\/index.php\/wp-json\/wp\/v2\/pages\/1543\/revisions"}],"predecessor-version":[{"id":1547,"href":"https:\/\/www.wola-komornik.pl\/index.php\/wp-json\/wp\/v2\/pages\/1543\/revisions\/1547"}],"wp:attachment":[{"href":"https:\/\/www.wola-komornik.pl\/index.php\/wp-json\/wp\/v2\/media?parent=1543"}],"curies":[{"name":"wp","href":"https:\/\/api.w.org\/{rel}","templated":true}]}}